{"id":3062,"date":"2023-05-24T09:40:16","date_gmt":"2023-05-24T07:40:16","guid":{"rendered":"https:\/\/rynierkeetart.co.za\/?post_type=product&amp;p=3062"},"modified":"2023-05-24T09:40:16","modified_gmt":"2023-05-24T07:40:16","slug":"puma-flying-lions-3-ship-formation-giclee-canvas-prints","status":"publish","type":"product","link":"https:\/\/www.rynierkeetart.co.za\/index.php\/product\/puma-flying-lions-3-ship-formation-giclee-canvas-prints\/","title":{"rendered":"Puma Flying Lions &#8211; 3-Ship Formation &#8211; Gicl\u00e9e Canvas Prints"},"content":{"rendered":"<h3>Hahnem\u00fchle C\u00e9zanne Canvas<a name=\"hahnemuhlecezanne\"><\/a><\/h3>\n<div>\n<p class=\"smmarginbottom\">Premium fine art canvases printed with pigment inks on archival Matt Hahnem\u00fchle C\u00e9zanne Canvas. This natural white canvas contains no optical brighteners and is made of 100% pure cotton. It is ideal for photographic and fine art reproduction and produces outstanding print results with excellent reproduction of colour and detail. The finely woven surface is matt and provides extraordinary elasticity, making it ideal for stretching over a wooden stretcher bar.<\/p>\n<div class=\"g-grid hidden-phone\">\n<div class=\"g-block size-33\">\n<h4 class=\"nomarginbottom\"><b>WEIGHT &#8211; <\/b>430 gsm | <b>TEXTURE &#8211; <\/b>Finely woven | <b>TONE &#8211; <\/b>Natural white | <b>FINISH &#8211; <\/b>Matt | <b>MAX PRINT SIZE &#8211; <\/b>1300 x 3000 mm<\/h4>\n<\/div>\n<div class=\"g-block size-40\">\n<h3><strong>Stretcher Bar Depth<\/strong><\/h3>\n<p class=\"nomarginbottom\">If you would like it stretched, choose between a 23 or 50 mm thick stretcher bar. This is the distance your canvas stands away from the wall. The stretcher bars are handcrafted from Obeche wood which is lightweight and durable.<\/p>\n<\/div>\n<\/div>\n<\/div>\n","protected":false},"excerpt":{"rendered":"<p><span style=\"font-size: 16px;\">Puma Flying Lions &#8211; 3-Ship formation.\u00a0 To read more about the painting go to\u00a0<a href=\"https:\/\/rynierkeetart.co.za\/aviation\/\">Aviation Gallery<\/a>.<\/span><\/p>\n<div>\n<p>Prints are available on:<\/p>\n<ul>\n<li>Hahnem\u00fchle C\u00e9zanne Canvas, flat or stretched.<\/li>\n<\/ul>\n<\/div>\n","protected":false},"featured_media":2213,"comment_status":"open","ping_status":"closed","template":"","meta":{"_uag_custom_page_level_css":"","site-sidebar-layout":"default","site-content-layout":"","ast-site-content-layout":"default","site-content-style":"default","site-sidebar-style":"default","ast-global-header-display":"","ast-banner-title-visibility":"","ast-main-header-display":"","ast-hfb-above-header-display":"","ast-hfb-below-header-display":"","ast-hfb-mobile-header-display":"","site-post-title":"","ast-breadcrumbs-content":"","ast-featured-img":"","footer-sml-layout":"","ast-disable-related-posts":"","theme-transparent-header-meta":"","adv-header-id-meta":"","stick-header-meta":"","header-above-stick-meta":"","header-main-stick-meta":"","header-below-stick-meta":"","astra-migrate-meta-layouts":"default","ast-page-background-enabled":"default","ast-page-background-meta":{"desktop":{"background-color":"var(--ast-global-color-4)","background-image":"","background-repeat":"repeat","background-position":"center center","background-size":"auto","background-attachment":"scroll","background-type":"","background-media":"","overlay-type":"","overlay-color":"","overlay-opacity":"","overlay-gradient":""},"tablet":{"background-color":"","background-image":"","background-repeat":"repeat","background-position":"center center","background-size":"auto","background-attachment":"scroll","background-type":"","background-media":"","overlay-type":"","overlay-color":"","overlay-opacity":"","overlay-gradient":""},"mobile":{"background-color":"","background-image":"","background-repeat":"repeat","background-position":"center center","background-size":"auto","background-attachment":"scroll","background-type":"","background-media":"","overlay-type":"","overlay-color":"","overlay-opacity":"","overlay-gradient":""}},"ast-content-background-meta":{"desktop":{"background-color":"var(--ast-global-color-5)","background-image":"","background-repeat":"repeat","background-position":"center center","background-size":"auto","background-attachment":"scroll","background-type":"","background-media":"","overlay-type":"","overlay-color":"","overlay-opacity":"","overlay-gradient":""},"tablet":{"background-color":"var(--ast-global-color-5)","background-image":"","background-repeat":"repeat","background-position":"center center","background-size":"auto","background-attachment":"scroll","background-type":"","background-media":"","overlay-type":"","overlay-color":"","overlay-opacity":"","overlay-gradient":""},"mobile":{"background-color":"var(--ast-global-color-5)","background-image":"","background-repeat":"repeat","background-position":"center center","background-size":"auto","background-attachment":"scroll","background-type":"","background-media":"","overlay-type":"","overlay-color":"","overlay-opacity":"","overlay-gradient":""}}},"product_cat":[38,125,128,79,85],"product_tag":[],"jetpack_sharing_enabled":true,"spectra_custom_meta":{"_sku":["PFLions_Canvas","PFLions_Canvas"],"total_sales":["0","0"],"_tax_status":["taxable","taxable"],"_tax_class":["",""],"_manage_stock":["no","no"],"_backorders":["no","no"],"_sold_individually":["no","no"],"_upsell_ids":["a:2:{i:0;i:2669;i:1;i:2673;}","a:2:{i:0;i:2669;i:1;i:2673;}"],"_virtual":["no","no"],"_downloadable":["no","no"],"_download_limit":["-1","-1"],"_download_expiry":["-1","-1"],"_thumbnail_id":["2213","2213"],"_stock":["",""],"_stock_status":["instock","instock"],"_wc_average_rating":["0","0"],"_wc_review_count":["0","0"],"_product_attributes":["a:1:{s:7:\"pa_size\";a:6:{s:4:\"name\";s:7:\"pa_size\";s:5:\"value\";s:0:\"\";s:8:\"position\";i:0;s:10:\"is_visible\";i:0;s:12:\"is_variation\";i:1;s:11:\"is_taxonomy\";i:1;}}","a:1:{s:7:\"pa_size\";a:6:{s:4:\"name\";s:7:\"pa_size\";s:5:\"value\";s:0:\"\";s:8:\"position\";i:0;s:10:\"is_visible\";i:0;s:12:\"is_variation\";i:1;s:11:\"is_taxonomy\";i:1;}}"],"_product_version":["7.7.0","7.7.0"],"_price":["529","682","711","740","942","980","1151","1440","1474","1571","1942","2011","2465","3140","3259","529","682","711","740","942","980","1151","1440","1474","1571","1942","2011","2465","3140","3259"],"_edit_last":["1","1"],"_uag_css_file_name":["uag-css-3062.css"],"_uag_page_assets":["a:9:{s:3:\"css\";s:0:\"\";s:2:\"js\";s:0:\"\";s:18:\"current_block_list\";a:7:{i:0;s:11:\"core\/search\";i:1;s:10:\"core\/group\";i:2;s:12:\"core\/heading\";i:3;s:17:\"core\/latest-posts\";i:4;s:20:\"core\/latest-comments\";i:5;s:13:\"core\/archives\";i:6;s:15:\"core\/categories\";}s:8:\"uag_flag\";b:0;s:11:\"uag_version\";s:10:\"1775111471\";s:6:\"gfonts\";a:0:{}s:10:\"gfonts_url\";s:0:\"\";s:12:\"gfonts_files\";a:0:{}s:14:\"uag_faq_layout\";b:0;}"]},"uagb_featured_image_src":{"full":["https:\/\/www.rynierkeetart.co.za\/wp-content\/uploads\/2022\/08\/20220225_173550-scaled-1.jpg",2560,1900,false],"thumbnail":["https:\/\/www.rynierkeetart.co.za\/wp-content\/uploads\/2022\/08\/20220225_173550-scaled-1-150x150.jpg",150,150,true],"medium":["https:\/\/www.rynierkeetart.co.za\/wp-content\/uploads\/2022\/08\/20220225_173550-scaled-1-300x223.jpg",300,223,true],"medium_large":["https:\/\/www.rynierkeetart.co.za\/wp-content\/uploads\/2022\/08\/20220225_173550-scaled-1-768x570.jpg",768,570,true],"large":["https:\/\/www.rynierkeetart.co.za\/wp-content\/uploads\/2022\/08\/20220225_173550-scaled-1-1024x760.jpg",1024,760,true],"1536x1536":["https:\/\/www.rynierkeetart.co.za\/wp-content\/uploads\/2022\/08\/20220225_173550-scaled-1-1536x1140.jpg",1536,1140,true],"2048x2048":["https:\/\/www.rynierkeetart.co.za\/wp-content\/uploads\/2022\/08\/20220225_173550-scaled-1-2048x1520.jpg",2048,1520,true],"mailpoet_newsletter_max":["https:\/\/www.rynierkeetart.co.za\/wp-content\/uploads\/2022\/08\/20220225_173550-scaled-1.jpg",1320,980,false],"woocommerce_thumbnail":["https:\/\/www.rynierkeetart.co.za\/wp-content\/uploads\/2022\/08\/20220225_173550-scaled-1-300x300.jpg",300,300,true],"woocommerce_single":["https:\/\/www.rynierkeetart.co.za\/wp-content\/uploads\/2022\/08\/20220225_173550-scaled-1-600x445.jpg",600,445,true],"woocommerce_gallery_thumbnail":["https:\/\/www.rynierkeetart.co.za\/wp-content\/uploads\/2022\/08\/20220225_173550-scaled-1-100x100.jpg",100,100,true]},"uagb_author_info":{"display_name":"Rynier","author_link":"https:\/\/www.rynierkeetart.co.za\/index.php\/author\/"},"uagb_comment_info":0,"uagb_excerpt":"Puma Flying Lions - 3-Ship formation.\u00a0 To read more about the painting go to\u00a0Aviation Gallery. Prints are available on: Hahnem\u00fchle C\u00e9zanne Canvas, flat or stretched.","_links":{"self":[{"href":"https:\/\/www.rynierkeetart.co.za\/index.php\/wp-json\/wp\/v2\/product\/3062"}],"collection":[{"href":"https:\/\/www.rynierkeetart.co.za\/index.php\/wp-json\/wp\/v2\/product"}],"about":[{"href":"https:\/\/www.rynierkeetart.co.za\/index.php\/wp-json\/wp\/v2\/types\/product"}],"replies":[{"embeddable":true,"href":"https:\/\/www.rynierkeetart.co.za\/index.php\/wp-json\/wp\/v2\/comments?post=3062"}],"wp:featuredmedia":[{"embeddable":true,"href":"https:\/\/www.rynierkeetart.co.za\/index.php\/wp-json\/wp\/v2\/media\/2213"}],"wp:attachment":[{"href":"https:\/\/www.rynierkeetart.co.za\/index.php\/wp-json\/wp\/v2\/media?parent=3062"}],"wp:term":[{"taxonomy":"product_cat","embeddable":true,"href":"https:\/\/www.rynierkeetart.co.za\/index.php\/wp-json\/wp\/v2\/product_cat?post=3062"},{"taxonomy":"product_tag","embeddable":true,"href":"https:\/\/www.rynierkeetart.co.za\/index.php\/wp-json\/wp\/v2\/product_tag?post=3062"}],"curies":[{"name":"wp","href":"https:\/\/api.w.org\/{rel}","templated":true}]}}